{"id":1424,"date":"2019-08-05T15:46:43","date_gmt":"2019-08-05T13:46:43","guid":{"rendered":"https:\/\/www.spanvloeren.nl\/referenties-curacao-2\/"},"modified":"2022-03-29T10:03:04","modified_gmt":"2022-03-29T08:03:04","slug":"referenties-curacao","status":"publish","type":"page","link":"https:\/\/www.spanvloeren.nl\/de\/referenties-curacao\/","title":{"rendered":"Referenties Cura\u00e7ao"},"content":{"rendered":"<p>[vc_row rt_row_background_width=&#8220;fullwidth&#8220; rt_row_content_width=&#8220;default&#8220; rt_row_style=&#8220;default-style&#8220; rt_row_height=&#8220;&#8220; rt_column_gaps=&#8220;&#8220; rt_row_shadows=&#8220;&#8220; rt_row_borders=&#8220;&#8220; rt_bg_effect=&#8220;classic&#8220; rt_bg_image_repeat=&#8220;repeat&#8220; rt_bg_size=&#8220;cover&#8220; rt_bg_position=&#8220;right top&#8220; rt_bg_attachment=&#8220;scroll&#8220; rt_bg_layer=&#8220;&#8220; rt_bg_video_format=&#8220;self-hosted&#8220; rt_class=&#8220;rt-8684086&#8243; rt_paddings=&#8220;0,0,,&#8220; rt_margins=&#8220;,,,&#8220; rt_content_margins=&#8220;,,,&#8220; rt_tablet_paddings=&#8220;,,,&#8220; rt_tablet_margins=&#8220;,,,&#8220; rt_tablet_content_margins=&#8220;,,,&#8220; rt_sp_paddings=&#8220;,,,&#8220; rt_sp_margins=&#8220;,,,&#8220; rt_sp_content_margins=&#8220;,,,&#8220;][vc_column rt_bg_effect=&#8220;classic&#8220; rt_bg_image_repeat=&#8220;repeat&#8220; rt_bg_size=&#8220;auto auto&#8220; rt_bg_position=&#8220;right top&#8220; rt_bg_attachment=&#8220;scroll&#8220; rt_class=&#8220;rt-5167762&#8243; rt_margins=&#8220;0,&#8220; rt_paddings=&#8220;,,0,0&#8243; rt_wrapper_paddings=&#8220;,,,&#8220; rt_tablet_margins=&#8220;,&#8220; rt_tablet_paddings=&#8220;,,,&#8220; rt_tablet_wrapper_paddings=&#8220;,,,&#8220; rt_sp_margins=&#8220;,&#8220; rt_sp_paddings=&#8220;,,,&#8220; rt_sp_wrapper_paddings=&#8220;,,,&#8220; rt_bg_color=&#8220;&#8220; rt_bg_overlay_color=&#8220;&#8220; offset=&#8220;vc_hidden-lg vc_hidden-md vc_hidden-sm&#8220;][rev_slider_vc alias=&#8220;Mobile-slider&#8220;][\/vc_column][\/vc_row][vc_row rt_row_background_width=&#8220;fullwidth&#8220; rt_row_content_width=&#8220;default&#8220; rt_row_style=&#8220;default-style&#8220; rt_row_height=&#8220;&#8220; rt_column_gaps=&#8220;&#8220; rt_row_shadows=&#8220;&#8220; rt_row_borders=&#8220;&#8220; rt_bg_effect=&#8220;classic&#8220; rt_bg_image_repeat=&#8220;repeat&#8220; rt_bg_size=&#8220;cover&#8220; rt_bg_position=&#8220;right top&#8220; rt_bg_attachment=&#8220;scroll&#8220; rt_bg_layer=&#8220;&#8220; rt_bg_video_format=&#8220;self-hosted&#8220; rt_class=&#8220;rt-8684465&#8243; rt_paddings=&#8220;0,0,,&#8220; rt_margins=&#8220;,,,&#8220; rt_content_margins=&#8220;,,,&#8220; rt_tablet_paddings=&#8220;,,,&#8220; rt_tablet_margins=&#8220;,,,&#8220; rt_tablet_content_margins=&#8220;,,,&#8220; rt_sp_paddings=&#8220;,,,&#8220; rt_sp_margins=&#8220;,,,&#8220; rt_sp_content_margins=&#8220;,,,&#8220; rt_bg_color=&#8220;#0a0a0a&#8220;][vc_column rt_bg_effect=&#8220;classic&#8220; rt_bg_image_repeat=&#8220;repeat&#8220; rt_bg_size=&#8220;auto auto&#8220; rt_bg_position=&#8220;right top&#8220; rt_bg_attachment=&#8220;scroll&#8220; rt_class=&#8220;rt-5749428&#8243; rt_margins=&#8220;-75px,&#8220; rt_paddings=&#8220;,,0,0&#8243; rt_wrapper_paddings=&#8220;,,,&#8220; rt_tablet_margins=&#8220;,&#8220; rt_tablet_paddings=&#8220;,,,&#8220; rt_tablet_wrapper_paddings=&#8220;,,,&#8220; rt_sp_margins=&#8220;,&#8220; rt_sp_paddings=&#8220;,,,&#8220; rt_sp_wrapper_paddings=&#8220;,,,&#8220; rt_bg_color=&#8220;&#8220; rt_bg_overlay_color=&#8220;&#8220; offset=&#8220;vc_hidden-xs&#8220;][rev_slider_vc alias=&#8220;Slider_home&#8220;]<div class=\"rt-heading-wrapper rt-2141292\">\n\t\t\t\t\t\t<h1 class=\"rt-heading\" >Referenzen Cura\u00e7ao<\/h1>\n\t\t\t\t\t<\/div>[vc_column_text]Sehen Sie sich das Ergebnis zufriedener Kunden auf der Budo 2000 an.[\/vc_column_text][\/vc_column][\/vc_row][vc_row rt_row_background_width=&#8220;fullwidth&#8220; rt_row_content_width=&#8220;default&#8220; rt_row_style=&#8220;default-style&#8220; rt_row_height=&#8220;&#8220; rt_column_gaps=&#8220;&#8220; rt_row_shadows=&#8220;&#8220; rt_row_borders=&#8220;&#8220; rt_bg_effect=&#8220;classic&#8220; rt_bg_image_repeat=&#8220;repeat&#8220; rt_bg_size=&#8220;cover&#8220; rt_bg_position=&#8220;right top&#8220; rt_bg_attachment=&#8220;scroll&#8220; rt_bg_layer=&#8220;&#8220; rt_bg_video_format=&#8220;self-hosted&#8220; rt_class=&#8220;rt-1892940&#8243; rt_paddings=&#8220;,,,&#8220; rt_margins=&#8220;,,,&#8220; rt_content_margins=&#8220;,,,&#8220; rt_tablet_paddings=&#8220;,,,&#8220; rt_tablet_margins=&#8220;,,,&#8220; rt_tablet_content_margins=&#8220;,,,&#8220; rt_sp_paddings=&#8220;,,,&#8220; rt_sp_margins=&#8220;,,,&#8220; rt_sp_content_margins=&#8220;,,,&#8220; rt_bg_color=&#8220;#0a0a0a&#8220;][vc_column rt_bg_effect=&#8220;classic&#8220; rt_bg_image_repeat=&#8220;repeat&#8220; rt_bg_size=&#8220;auto auto&#8220; rt_bg_position=&#8220;right top&#8220; rt_bg_attachment=&#8220;scroll&#8220;][vc_basic_grid post_type=&#8220;portfolio&#8220; max_items=&#8220;-1&#8243; element_width=&#8220;3&#8243; item=&#8220;292&#8243; grid_id=&#8220;vc_gid:1648540827537-11f41b3f-4df8-5&#8243; taxonomies=&#8220;22&#8243;][\/vc_column][\/vc_row][vc_row rt_row_background_width=&#8220;fullwidth&#8220; rt_row_content_width=&#8220;default&#8220; rt_row_style=&#8220;default-style&#8220; rt_row_height=&#8220;&#8220; rt_column_gaps=&#8220;&#8220; rt_row_shadows=&#8220;&#8220; rt_row_borders=&#8220;&#8220; rt_bg_effect=&#8220;classic&#8220; rt_bg_image_repeat=&#8220;repeat&#8220; rt_bg_size=&#8220;cover&#8220; rt_bg_position=&#8220;right top&#8220; rt_bg_attachment=&#8220;scroll&#8220; rt_bg_layer=&#8220;&#8220; rt_bg_video_format=&#8220;self-hosted&#8220; rt_class=&#8220;rt-5950601&#8243; rt_paddings=&#8220;0,0,,&#8220; rt_margins=&#8220;,,,&#8220; rt_content_margins=&#8220;,,,&#8220; rt_tablet_paddings=&#8220;,,,&#8220; rt_tablet_margins=&#8220;,,,&#8220; rt_tablet_content_margins=&#8220;,,,&#8220; rt_sp_paddings=&#8220;,,,&#8220; rt_sp_margins=&#8220;,,,&#8220; rt_sp_content_margins=&#8220;,,,&#8220; rt_bg_color=&#8220;#0a0a0a&#8220;][vc_column rt_bg_effect=&#8220;classic&#8220; rt_bg_image_repeat=&#8220;repeat&#8220; rt_bg_size=&#8220;auto auto&#8220; rt_bg_position=&#8220;right top&#8220; rt_bg_attachment=&#8220;scroll&#8220;][vc_separator style=&#8220;style-1&#8243; rt_class=&#8220;rt-3680007&#8243; margins=&#8220;0,0,,&#8220;][\/vc_column][\/vc_row][vc_row rt_row_background_width=&#8220;fullwidth&#8220; rt_row_content_width=&#8220;default&#8220; rt_row_style=&#8220;default-style&#8220; rt_row_height=&#8220;&#8220; rt_column_gaps=&#8220;&#8220; rt_row_shadows=&#8220;&#8220; rt_row_borders=&#8220;&#8220; rt_bg_effect=&#8220;classic&#8220; rt_bg_image_repeat=&#8220;repeat&#8220; rt_bg_size=&#8220;cover&#8220; rt_bg_position=&#8220;right top&#8220; rt_bg_attachment=&#8220;scroll&#8220; rt_bg_layer=&#8220;&#8220; rt_bg_video_format=&#8220;self-hosted&#8220; rt_class=&#8220;rt-4451776&#8243; rt_paddings=&#8220;,,,&#8220; rt_margins=&#8220;,,,&#8220; rt_content_margins=&#8220;,,,&#8220; rt_tablet_paddings=&#8220;,,,&#8220; rt_tablet_margins=&#8220;,,,&#8220; rt_tablet_content_margins=&#8220;,,,&#8220; rt_sp_paddings=&#8220;,,,&#8220; rt_sp_margins=&#8220;,,,&#8220; rt_sp_content_margins=&#8220;,,,&#8220; rt_bg_color=&#8220;#0a0a0a&#8220;][vc_column width=&#8220;2\/3&#8243; rt_bg_effect=&#8220;classic&#8220; rt_bg_image_repeat=&#8220;repeat&#8220; rt_bg_size=&#8220;auto auto&#8220; rt_bg_position=&#8220;right top&#8220; rt_bg_attachment=&#8220;scroll&#8220;]<div class=\"rt-heading-wrapper rt-8745369\">\n\t\t\t\t\t\t<h1 class=\"rt-heading\" > Interessiert an einem Sportboden?<\/h1>\n\t\t\t\t\t<\/div>[vc_column_text css=&#8220;.vc_custom_1581934293289{padding-bottom: 15px !important;}&#8220;]Wenn Sie sich f\u00fcr unsere Sportb\u00f6den interessieren, k\u00f6nnen Sie uns kontaktieren. Dies ist sowohl telefonisch als auch per E-Mail m\u00f6glich. Wenn Sie unser Kontaktformular ausf\u00fcllen, werden wir Sie m\u00f6glichst schnell\u00a0 kontaktieren. F\u00fcr Fragen oder weitere Informationen stehen wir Ihnen selbstverst\u00e4ndlich auch gerne zur Verf\u00fcgung.[\/vc_column_text][\/vc_column][vc_column width=&#8220;1\/3&#8243; rt_bg_effect=&#8220;classic&#8220; rt_bg_image_repeat=&#8220;repeat&#8220; rt_bg_size=&#8220;auto auto&#8220; rt_bg_position=&#8220;right top&#8220; rt_bg_attachment=&#8220;scroll&#8220;][vc_single_image image=&#8220;195&#8243; img_size=&#8220;full&#8220; alignment=&#8220;center&#8220; onclick=&#8220;custom_link&#8220; link=&#8220;https:\/\/www.spanvloeren.nl\/contact\/&#8220; el_class=&#8220;bannerhov&#8220;][vc_single_image image=&#8220;196&#8243; img_size=&#8220;full&#8220; alignment=&#8220;center&#8220; onclick=&#8220;custom_link&#8220; link=&#8220;mailto:budo.ralf@gmail.com&#8220; el_class=&#8220;bannerhov&#8220;][\/vc_column][\/vc_row]<\/p>\n","protected":false},"excerpt":{"rendered":"<p>[vc_row rt_row_background_width=&#8220;fullwidth&#8220; rt_row_content_width=&#8220;default&#8220; rt_row_style=&#8220;default-style&#8220; rt_row_height=&#8220;&#8220; rt_column_gaps=&#8220;&#8220; rt_row_shadows=&#8220;&#8220; rt_row_borders=&#8220;&#8220; rt_bg_effect=&#8220;classic&#8220; rt_bg_image_repeat=&#8220;repeat&#8220; rt_bg_size=&#8220;cover&#8220; rt_bg_position=&#8220;right top&#8220; rt_bg_attachment=&#8220;scroll&#8220; rt_bg_layer=&#8220;&#8220; rt_bg_video_format=&#8220;self-hosted&#8220; rt_class=&#8220;rt-8684086&#8243; rt_paddings=&#8220;0,0,,&#8220; rt_margins=&#8220;,,,&#8220; rt_content_margins=&#8220;,,,&#8220; rt_tablet_paddings=&#8220;,,,&#8220; rt_tablet_margins=&#8220;,,,&#8220; rt_tablet_content_margins=&#8220;,,,&#8220; rt_sp_paddings=&#8220;,,,&#8220; rt_sp_margins=&#8220;,,,&#8220; rt_sp_content_margins=&#8220;,,,&#8220;][vc_column rt_bg_effect=&#8220;classic&#8220; rt_bg_image_repeat=&#8220;repeat&#8220; rt_bg_size=&#8220;auto auto&#8220; rt_bg_position=&#8220;right top&#8220; rt_bg_attachment=&#8220;scroll&#8220; rt_class=&#8220;rt-5167762&#8243; rt_margins=&#8220;0,&#8220; rt_paddings=&#8220;,,0,0&#8243; rt_wrapper_paddings=&#8220;,,,&#8220; rt_tablet_margins=&#8220;,&#8220; rt_tablet_paddings=&#8220;,,,&#8220; rt_tablet_wrapper_paddings=&#8220;,,,&#8220; rt_sp_margins=&#8220;,&#8220; rt_sp_paddings=&#8220;,,,&#8220; rt_sp_wrapper_paddings=&#8220;,,,&#8220; rt_bg_color=&#8220;&#8220; rt_bg_overlay_color=&#8220;&#8220; offset=&#8220;vc_hidden-lg vc_hidden-md vc_hidden-sm&#8220;][rev_slider_vc alias=&#8220;Mobile-slider&#8220;][\/vc_column][\/vc_row][vc_row rt_row_background_width=&#8220;fullwidth&#8220; rt_row_content_width=&#8220;default&#8220; rt_row_style=&#8220;default-style&#8220; rt_row_height=&#8220;&#8220; rt_column_gaps=&#8220;&#8220; rt_row_shadows=&#8220;&#8220; [&hellip;]<\/p>\n","protected":false},"author":1,"featured_media":0,"parent":0,"menu_order":0,"comment_status":"closed","ping_status":"closed","template":"","meta":{"footnotes":""},"class_list":["post-1424","page","type-page","status-publish","hentry"],"yoast_head":"<!-- This site is optimized with the Yoast SEO plugin v27.4 - https:\/\/yoast.com\/product\/yoast-seo-wordpress\/ -->\n<title>Referenties Cura\u00e7ao - Spanvloeren.nl<\/title>\n<meta name=\"robots\" content=\"index, follow, max-snippet:-1, max-image-preview:large, max-video-preview:-1\" \/>\n<link rel=\"canonical\" href=\"https:\/\/www.spanvloeren.nl\/de\/referenties-curacao\/\" \/>\n<meta property=\"og:locale\" content=\"de_DE\" \/>\n<meta property=\"og:type\" content=\"article\" \/>\n<meta property=\"og:title\" content=\"Referenties Cura\u00e7ao - Spanvloeren.nl\" \/>\n<meta property=\"og:description\" content=\"[vc_row rt_row_background_width=&#8220;fullwidth&#8220; rt_row_content_width=&#8220;default&#8220; rt_row_style=&#8220;default-style&#8220; rt_row_height=&#8220;&#8220; rt_column_gaps=&#8220;&#8220; rt_row_shadows=&#8220;&#8220; rt_row_borders=&#8220;&#8220; rt_bg_effect=&#8220;classic&#8220; rt_bg_image_repeat=&#8220;repeat&#8220; rt_bg_size=&#8220;cover&#8220; rt_bg_position=&#8220;right top&#8220; rt_bg_attachment=&#8220;scroll&#8220; rt_bg_layer=&#8220;&#8220; rt_bg_video_format=&#8220;self-hosted&#8220; rt_class=&#8220;rt-8684086&#8243; rt_paddings=&#8220;0,0,,&#8220; rt_margins=&#8220;,,,&#8220; rt_content_margins=&#8220;,,,&#8220; rt_tablet_paddings=&#8220;,,,&#8220; rt_tablet_margins=&#8220;,,,&#8220; rt_tablet_content_margins=&#8220;,,,&#8220; rt_sp_paddings=&#8220;,,,&#8220; rt_sp_margins=&#8220;,,,&#8220; rt_sp_content_margins=&#8220;,,,&#8220;][vc_column rt_bg_effect=&#8220;classic&#8220; rt_bg_image_repeat=&#8220;repeat&#8220; rt_bg_size=&#8220;auto auto&#8220; rt_bg_position=&#8220;right top&#8220; rt_bg_attachment=&#8220;scroll&#8220; rt_class=&#8220;rt-5167762&#8243; rt_margins=&#8220;0,&#8220; rt_paddings=&#8220;,,0,0&#8243; rt_wrapper_paddings=&#8220;,,,&#8220; rt_tablet_margins=&#8220;,&#8220; rt_tablet_paddings=&#8220;,,,&#8220; rt_tablet_wrapper_paddings=&#8220;,,,&#8220; rt_sp_margins=&#8220;,&#8220; rt_sp_paddings=&#8220;,,,&#8220; rt_sp_wrapper_paddings=&#8220;,,,&#8220; rt_bg_color=&#8220;&#8220; rt_bg_overlay_color=&#8220;&#8220; offset=&#8220;vc_hidden-lg vc_hidden-md vc_hidden-sm&#8220;][rev_slider_vc alias=&#8220;Mobile-slider&#8220;][\/vc_column][\/vc_row][vc_row rt_row_background_width=&#8220;fullwidth&#8220; rt_row_content_width=&#8220;default&#8220; rt_row_style=&#8220;default-style&#8220; rt_row_height=&#8220;&#8220; rt_column_gaps=&#8220;&#8220; rt_row_shadows=&#8220;&#8220; [&hellip;]\" \/>\n<meta property=\"og:url\" content=\"https:\/\/www.spanvloeren.nl\/de\/referenties-curacao\/\" \/>\n<meta property=\"og:site_name\" content=\"Spanvloeren.nl\" \/>\n<meta property=\"article:modified_time\" content=\"2022-03-29T08:03:04+00:00\" \/>\n<meta name=\"twitter:card\" content=\"summary_large_image\" \/>\n<meta name=\"twitter:label1\" content=\"Gesch\u00e4tzte Lesezeit\" \/>\n\t<meta name=\"twitter:data1\" content=\"2\u00a0Minuten\" \/>\n<script type=\"application\/ld+json\" class=\"yoast-schema-graph\">{\"@context\":\"https:\\\/\\\/schema.org\",\"@graph\":[{\"@type\":\"WebPage\",\"@id\":\"https:\\\/\\\/www.spanvloeren.nl\\\/de\\\/referenties-curacao\\\/\",\"url\":\"https:\\\/\\\/www.spanvloeren.nl\\\/de\\\/referenties-curacao\\\/\",\"name\":\"Referenties Cura\u00e7ao - Spanvloeren.nl\",\"isPartOf\":{\"@id\":\"https:\\\/\\\/www.spanvloeren.nl\\\/#website\"},\"datePublished\":\"2019-08-05T13:46:43+00:00\",\"dateModified\":\"2022-03-29T08:03:04+00:00\",\"breadcrumb\":{\"@id\":\"https:\\\/\\\/www.spanvloeren.nl\\\/de\\\/referenties-curacao\\\/#breadcrumb\"},\"inLanguage\":\"de\",\"potentialAction\":[{\"@type\":\"ReadAction\",\"target\":[\"https:\\\/\\\/www.spanvloeren.nl\\\/de\\\/referenties-curacao\\\/\"]}]},{\"@type\":\"BreadcrumbList\",\"@id\":\"https:\\\/\\\/www.spanvloeren.nl\\\/de\\\/referenties-curacao\\\/#breadcrumb\",\"itemListElement\":[{\"@type\":\"ListItem\",\"position\":1,\"name\":\"Home\",\"item\":\"https:\\\/\\\/www.spanvloeren.nl\\\/de\\\/\"},{\"@type\":\"ListItem\",\"position\":2,\"name\":\"Referenties Cura\u00e7ao\"}]},{\"@type\":\"WebSite\",\"@id\":\"https:\\\/\\\/www.spanvloeren.nl\\\/#website\",\"url\":\"https:\\\/\\\/www.spanvloeren.nl\\\/\",\"name\":\"Spanvloeren.nl\",\"description\":\"Sportvloeren &amp; Boksringen\",\"potentialAction\":[{\"@type\":\"SearchAction\",\"target\":{\"@type\":\"EntryPoint\",\"urlTemplate\":\"https:\\\/\\\/www.spanvloeren.nl\\\/?s={search_term_string}\"},\"query-input\":{\"@type\":\"PropertyValueSpecification\",\"valueRequired\":true,\"valueName\":\"search_term_string\"}}],\"inLanguage\":\"de\"}]}<\/script>\n<!-- \/ Yoast SEO plugin. -->","yoast_head_json":{"title":"Referenties Cura\u00e7ao - Spanvloeren.nl","robots":{"index":"index","follow":"follow","max-snippet":"max-snippet:-1","max-image-preview":"max-image-preview:large","max-video-preview":"max-video-preview:-1"},"canonical":"https:\/\/www.spanvloeren.nl\/de\/referenties-curacao\/","og_locale":"de_DE","og_type":"article","og_title":"Referenties Cura\u00e7ao - Spanvloeren.nl","og_description":"[vc_row rt_row_background_width=&#8220;fullwidth&#8220; rt_row_content_width=&#8220;default&#8220; rt_row_style=&#8220;default-style&#8220; rt_row_height=&#8220;&#8220; rt_column_gaps=&#8220;&#8220; rt_row_shadows=&#8220;&#8220; rt_row_borders=&#8220;&#8220; rt_bg_effect=&#8220;classic&#8220; rt_bg_image_repeat=&#8220;repeat&#8220; rt_bg_size=&#8220;cover&#8220; rt_bg_position=&#8220;right top&#8220; rt_bg_attachment=&#8220;scroll&#8220; rt_bg_layer=&#8220;&#8220; rt_bg_video_format=&#8220;self-hosted&#8220; rt_class=&#8220;rt-8684086&#8243; rt_paddings=&#8220;0,0,,&#8220; rt_margins=&#8220;,,,&#8220; rt_content_margins=&#8220;,,,&#8220; rt_tablet_paddings=&#8220;,,,&#8220; rt_tablet_margins=&#8220;,,,&#8220; rt_tablet_content_margins=&#8220;,,,&#8220; rt_sp_paddings=&#8220;,,,&#8220; rt_sp_margins=&#8220;,,,&#8220; rt_sp_content_margins=&#8220;,,,&#8220;][vc_column rt_bg_effect=&#8220;classic&#8220; rt_bg_image_repeat=&#8220;repeat&#8220; rt_bg_size=&#8220;auto auto&#8220; rt_bg_position=&#8220;right top&#8220; rt_bg_attachment=&#8220;scroll&#8220; rt_class=&#8220;rt-5167762&#8243; rt_margins=&#8220;0,&#8220; rt_paddings=&#8220;,,0,0&#8243; rt_wrapper_paddings=&#8220;,,,&#8220; rt_tablet_margins=&#8220;,&#8220; rt_tablet_paddings=&#8220;,,,&#8220; rt_tablet_wrapper_paddings=&#8220;,,,&#8220; rt_sp_margins=&#8220;,&#8220; rt_sp_paddings=&#8220;,,,&#8220; rt_sp_wrapper_paddings=&#8220;,,,&#8220; rt_bg_color=&#8220;&#8220; rt_bg_overlay_color=&#8220;&#8220; offset=&#8220;vc_hidden-lg vc_hidden-md vc_hidden-sm&#8220;][rev_slider_vc alias=&#8220;Mobile-slider&#8220;][\/vc_column][\/vc_row][vc_row rt_row_background_width=&#8220;fullwidth&#8220; rt_row_content_width=&#8220;default&#8220; rt_row_style=&#8220;default-style&#8220; rt_row_height=&#8220;&#8220; rt_column_gaps=&#8220;&#8220; rt_row_shadows=&#8220;&#8220; [&hellip;]","og_url":"https:\/\/www.spanvloeren.nl\/de\/referenties-curacao\/","og_site_name":"Spanvloeren.nl","article_modified_time":"2022-03-29T08:03:04+00:00","twitter_card":"summary_large_image","twitter_misc":{"Gesch\u00e4tzte Lesezeit":"2\u00a0Minuten"},"schema":{"@context":"https:\/\/schema.org","@graph":[{"@type":"WebPage","@id":"https:\/\/www.spanvloeren.nl\/de\/referenties-curacao\/","url":"https:\/\/www.spanvloeren.nl\/de\/referenties-curacao\/","name":"Referenties Cura\u00e7ao - Spanvloeren.nl","isPartOf":{"@id":"https:\/\/www.spanvloeren.nl\/#website"},"datePublished":"2019-08-05T13:46:43+00:00","dateModified":"2022-03-29T08:03:04+00:00","breadcrumb":{"@id":"https:\/\/www.spanvloeren.nl\/de\/referenties-curacao\/#breadcrumb"},"inLanguage":"de","potentialAction":[{"@type":"ReadAction","target":["https:\/\/www.spanvloeren.nl\/de\/referenties-curacao\/"]}]},{"@type":"BreadcrumbList","@id":"https:\/\/www.spanvloeren.nl\/de\/referenties-curacao\/#breadcrumb","itemListElement":[{"@type":"ListItem","position":1,"name":"Home","item":"https:\/\/www.spanvloeren.nl\/de\/"},{"@type":"ListItem","position":2,"name":"Referenties Cura\u00e7ao"}]},{"@type":"WebSite","@id":"https:\/\/www.spanvloeren.nl\/#website","url":"https:\/\/www.spanvloeren.nl\/","name":"Spanvloeren.nl","description":"Sportvloeren &amp; Boksringen","potentialAction":[{"@type":"SearchAction","target":{"@type":"EntryPoint","urlTemplate":"https:\/\/www.spanvloeren.nl\/?s={search_term_string}"},"query-input":{"@type":"PropertyValueSpecification","valueRequired":true,"valueName":"search_term_string"}}],"inLanguage":"de"}]}},"_links":{"self":[{"href":"https:\/\/www.spanvloeren.nl\/de\/wp-json\/wp\/v2\/pages\/1424","targetHints":{"allow":["GET"]}}],"collection":[{"href":"https:\/\/www.spanvloeren.nl\/de\/wp-json\/wp\/v2\/pages"}],"about":[{"href":"https:\/\/www.spanvloeren.nl\/de\/wp-json\/wp\/v2\/types\/page"}],"author":[{"embeddable":true,"href":"https:\/\/www.spanvloeren.nl\/de\/wp-json\/wp\/v2\/users\/1"}],"replies":[{"embeddable":true,"href":"https:\/\/www.spanvloeren.nl\/de\/wp-json\/wp\/v2\/comments?post=1424"}],"version-history":[{"count":3,"href":"https:\/\/www.spanvloeren.nl\/de\/wp-json\/wp\/v2\/pages\/1424\/revisions"}],"predecessor-version":[{"id":2239,"href":"https:\/\/www.spanvloeren.nl\/de\/wp-json\/wp\/v2\/pages\/1424\/revisions\/2239"}],"wp:attachment":[{"href":"https:\/\/www.spanvloeren.nl\/de\/wp-json\/wp\/v2\/media?parent=1424"}],"curies":[{"name":"wp","href":"https:\/\/api.w.org\/{rel}","templated":true}]}}